{"id":750,"date":"2022-04-26T13:33:04","date_gmt":"2022-04-26T11:33:04","guid":{"rendered":"https:\/\/fasa.poush-dev.be\/politique-de-confidentialite\/"},"modified":"2025-04-29T13:54:52","modified_gmt":"2025-04-29T11:54:52","slug":"politique-de-confidentialite","status":"publish","type":"page","link":"https:\/\/www.fasafund.com\/fr\/politique-de-confidentialite\/","title":{"rendered":"Politique de confidentialit\u00e9"},"content":{"rendered":"<p>[et_pb_section fb_built=\u00a0\u00bb1&Prime; _builder_version=\u00a0\u00bb4.27.0&Prime; _module_preset=\u00a0\u00bbdefault\u00a0\u00bb custom_padding=\u00a0\u00bb200px|6vw|120px|6vw|false|true\u00a0\u00bb custom_padding_tablet=\u00a0\u00bb130px||80px||false|true\u00a0\u00bb custom_padding_phone=\u00a0\u00bb130px||80px||false|true\u00a0\u00bb da_disable_devices=\u00a0\u00bboff|off|off\u00a0\u00bb locked=\u00a0\u00bboff\u00a0\u00bb global_colors_info=\u00a0\u00bb{}\u00a0\u00bb da_is_popup=\u00a0\u00bboff\u00a0\u00bb da_exit_intent=\u00a0\u00bboff\u00a0\u00bb da_has_close=\u00a0\u00bbon\u00a0\u00bb da_alt_close=\u00a0\u00bboff\u00a0\u00bb da_dark_close=\u00a0\u00bboff\u00a0\u00bb da_not_modal=\u00a0\u00bbon\u00a0\u00bb da_is_singular=\u00a0\u00bboff\u00a0\u00bb da_with_loader=\u00a0\u00bboff\u00a0\u00bb da_has_shadow=\u00a0\u00bbon\u00a0\u00bb][et_pb_row _builder_version=\u00a0\u00bb4.27.2&Prime; _module_preset=\u00a0\u00bbdefault\u00a0\u00bb max_width=\u00a0\u00bb1200px\u00a0\u00bb module_alignment=\u00a0\u00bbcenter\u00a0\u00bb global_colors_info=\u00a0\u00bb{}\u00a0\u00bb][et_pb_column type=\u00a0\u00bb4_4&Prime; _builder_version=\u00a0\u00bb4.27.0&Prime; _module_preset=\u00a0\u00bbdefault\u00a0\u00bb global_colors_info=\u00a0\u00bb{}\u00a0\u00bb][et_pb_text _builder_version=\u00a0\u00bb4.27.4&Prime; _module_preset=\u00a0\u00bbdefault\u00a0\u00bb global_colors_info=\u00a0\u00bb{}\u00a0\u00bb]<\/p>\n<h1>Politique de Confidentialit\u00e9<\/h1>\n<p>&nbsp;<\/p>\n<h2><strong>Collecte et utilisation des donn\u00e9es<\/strong><\/h2>\n<p>Lors de votre navigation sur <a href=\"https:\/\/www.fasafund.com\/fr\/\">https:\/\/www.fasafund.com<\/a>, nous pouvons collecter des donn\u00e9es techniques telles que votre adresse IP ou votre comportement de navigation, notamment via des cookies. Ces donn\u00e9es sont utilis\u00e9es pour garantir le bon fonctionnement du site et analyser sa fr\u00e9quentation.<br \/>Le traitement repose sur notre int\u00e9r\u00eat l\u00e9gitime (s\u00e9curit\u00e9, performance) et sur votre consentement (analyse).<\/p>\n<table>\n<tbody>\n<tr>\n<td><strong>Quelles donn\u00e9es \u00e0 caract\u00e8re personnel ?<\/strong><\/td>\n<td><strong>Comment avons-nous obtenu ces donn\u00e9es ?<\/strong><\/td>\n<td><strong>Combien de temps ?<\/strong><\/td>\n<td><strong>Avec qui ces donn\u00e9es sont-elles partag\u00e9es ?<\/strong><\/td>\n<\/tr>\n<tr>\n<td>Donn\u00e9es d\u2019identification, coordonn\u00e9es et donn\u00e9es concernant la question, les informations ou la commande<\/td>\n<td>Directement de la (des) personne(s) concern\u00e9e(s) OU indirectement d&rsquo;une ou de plusieurs autre(s) personne(s)<\/td>\n<td>3 ans apr\u00e8s le dernier contact<\/td>\n<td>Des sous-traitants qui s\u2019occupent de notre infrastructure ICT si leur intervention le n\u00e9cessite<\/td>\n<\/tr>\n<\/tbody>\n<\/table>\n<p>&nbsp;<\/p>\n<h2><strong>Cookies<\/strong><\/h2>\n<p>Les cookies sont de petits fichiers enregistr\u00e9s sur votre appareil pour am\u00e9liorer votre exp\u00e9rience utilisateur. Nous utilisons :<\/p>\n<ul>\n<li>des <strong>cookies essentiels<\/strong> (indispensables au fonctionnement du site)<\/li>\n<li>des <strong>cookies fonctionnels<\/strong> (pour m\u00e9moriser vos pr\u00e9f\u00e9rences)<\/li>\n<li>des <strong>cookies analytiques<\/strong> (avec votre consentement uniquement)<\/li>\n<\/ul>\n<p>Vous pouvez g\u00e9rer vos pr\u00e9f\u00e9rences via les param\u00e8tres de votre navigateur. Le refus de certains cookies peut limiter l\u2019acc\u00e8s \u00e0 certaines fonctionnalit\u00e9s. Les cookies utilis\u00e9s sur notre site web sont \u00e9num\u00e9r\u00e9s ci-dessous.<\/p>\n<p>&nbsp;<\/p>\n<p><strong>Liste des cookies essentiels et fonctionnels<\/strong><\/p>\n<p>Vous pouvez refuser les cookies ci-dessous si\u00a0vous d\u00e9sirez naviguer sur notre site Internet.<\/p>\n<table>\n<tbody>\n<tr>\n<td><strong>Nom<\/strong><\/td>\n<td><strong>Ech\u00e9ance<\/strong><\/td>\n<td><strong>Objectif<\/strong><\/td>\n<\/tr>\n<tr>\n<td>axeptio_cookies<\/td>\n<td>12 mois<\/td>\n<td>Axeptio. Contient toutes les informations sur le consentement du visiteur, comme la date, son identifiant anonyme unique, et s\u2019il a d\u00e9j\u00e0 consenti ou non<\/td>\n<\/tr>\n<tr>\n<td>axeptio_all_vendors<\/td>\n<td>12 mois<\/td>\n<td>Axeptio. Contient la liste de tous les cookies d\u00e9clar\u00e9s dans le widget Axeptio<\/td>\n<\/tr>\n<tr>\n<td>axeptio_authorized_vendors<\/td>\n<td>12 mois<\/td>\n<td>Axeptio. Contient la liste des cookies accept\u00e9s par le visiteur.<\/td>\n<\/tr>\n<tr>\n<td>Wp-wpml_current_language<\/td>\n<td>Session<\/td>\n<td>WPML. M\u00e9morise la langue actuelle du site<\/td>\n<\/tr>\n<tr>\n<td>wpml_browser_redirect_test<\/td>\n<td>24 heures<\/td>\n<td>WPML. Test si les cookies sont actifs sur le site.<\/td>\n<\/tr>\n<tr>\n<td>_icl_visitor_lang_js<\/td>\n<td>24 heures<\/td>\n<td>WPML. M\u00e9morise la langue qui a \u00e9t\u00e9 redirig\u00e9e.<\/td>\n<\/tr>\n<\/tbody>\n<\/table>\n<p>&nbsp;<\/p>\n<p><strong>Liste des cookies analytiques<\/strong><\/p>\n<p>Vous pouvez refuser les cookies ci-dessous si\u00a0vous d\u00e9sirez naviguer sur notre site Internet.<\/p>\n<table>\n<tbody>\n<tr>\n<td><strong>Nom<\/strong><\/td>\n<td><strong>Ech\u00e9ance<\/strong><\/td>\n<td><strong>Objectif<\/strong><\/td>\n<\/tr>\n<tr>\n<td>ga<\/td>\n<td>13 mois<\/td>\n<td>Google Analytics. Distinguer les utilisateurs uniques en attribuant un num\u00e9ro g\u00e9n\u00e9r\u00e9 al\u00e9atoirement en tant qu&rsquo;identifiant client<\/td>\n<\/tr>\n<tr>\n<td>_gat<\/td>\n<td>\n<p>1 minute<\/p>\n<p>&nbsp;<\/p>\n<\/td>\n<td>Google Analytics. R\u00e9duire le nombre de demandes<\/td>\n<\/tr>\n<tr>\n<td>_gid<\/td>\n<td>24 heures<\/td>\n<td>Google Analytics. Stocker et mettre \u00e0 jour une valeur unique pour chaque page visit\u00e9e<\/td>\n<\/tr>\n<\/tbody>\n<\/table>\n<p>&nbsp;<\/p>\n<p><strong>Comment voir quels cookies sont install\u00e9s sur mon appareil et comment les supprimer ?<\/strong><\/p>\n<p>Si vous voulez savoir quels cookies sont install\u00e9s sur votre appareil ou si vous souhaitez les supprimer, vous pouvez utiliser un param\u00e8tre de votre navigateur. Vous trouverez davantage d&rsquo;explications sur la mani\u00e8re de proc\u00e9der via les liens ci-dessous.<\/p>\n<table>\n<tbody>\n<tr>\n<td><strong>Firefox<\/strong><\/td>\n<td><strong>Chrome<\/strong><\/td>\n<td><strong>Safari<\/strong><\/td>\n<td><strong>Internet Explorer<\/strong><\/td>\n<\/tr>\n<tr>\n<td><a href=\"https:\/\/support.mozilla.org\/fr\/kb\/cookies-informations-sites-enregistrent\">Firefox<\/a><\/td>\n<td><a href=\"https:\/\/support.google.com\/chrome\/answer\/95647?hl=fr\">Chrome<\/a><\/td>\n<td><a href=\"https:\/\/support.apple.com\/fr-be\/guide\/safari\/sfri11471\/mac\">Safari<\/a><\/td>\n<td><a href=\"https:\/\/support.microsoft.com\/fr-fr\/windows\/supprimer-et-g\u00e9rer-les-cookies-168dab11-0753-043d-7c16-ede5947fc64d\">Internet Explorer<\/a><\/td>\n<\/tr>\n<tr>\n<td>Firefox (mobile)<\/td>\n<td><a href=\"https:\/\/support.google.com\/chrome\/answer\/95647?hl=fr&amp;co=GENIE.Platform%3DAndroid&amp;oco=1\">Chrome (mobile)<\/a><\/td>\n<td><a href=\"https:\/\/support.apple.com\/fr-be\/HT201265\">Safari (mobile)<\/a><\/td>\n<td><a href=\"https:\/\/support.microsoft.com\/fr-fr\/microsoft-edge\/supprimer-les-cookies-dans-microsoft-edge-63947406-40ac-c3b8-57b9-2a946a29ae09\">Microsoft Edge<\/a><\/td>\n<\/tr>\n<\/tbody>\n<\/table>\n<p>Vous utilisez un autre navigateur ? V\u00e9rifiez si la proc\u00e9dure pour votre navigateur est reprise sur le site Internet\u00a0<a href=\"https:\/\/allaboutcookies.org\/how-to-manage-cookies\">allaboutcookies.org\/how-to-manage-cookies<\/a>. Ce site est uniquement disponible en anglais.<\/p>\n<p>&nbsp;<\/p>\n<h2><strong>Vos droits<\/strong><\/h2>\n<p>Conform\u00e9ment au R\u00e8glement G\u00e9n\u00e9ral sur la Protection des Donn\u00e9es (RGPD) et \u00e0 la l\u00e9gislation fran\u00e7aise applicable, vous disposez d&rsquo;un droit d&rsquo;acc\u00e8s, de rectification, d&rsquo;opposition, de suppression et de portabilit\u00e9 de vos donn\u00e9es. Vous pouvez \u00e9galement vous opposer au traitement ou retirer votre consentement. Pour exercer vos droits, veuillez contacter :<\/p>\n<p>I&amp;P, 51 rue Saint-Georges, 75009 Paris<\/p>\n<p>communication@ietp.com<\/p>\n<p>Nous r\u00e9pondrons sous un mois. Ce d\u00e9lai peut \u00eatre prolong\u00e9 (jusqu\u2019\u00e0 3 mois), auquel cas nous vous en informerons.<\/p>\n<p><strong>R\u00e9clamations<\/strong><\/p>\n<p>Si vous estimez que vos donn\u00e9es sont trait\u00e9es en violation du r\u00e8glement europ\u00e9en, vous pouvez d\u00e9poser une plainte aupr\u00e8s de l\u2019autorit\u00e9 comp\u00e9tente :<\/p>\n<p>Autorit\u00e9 de protection des donn\u00e9es<\/p>\n<p>Rue de la Presse 35, 1000 Bruxelles, Belgique<\/p>\n<p>&nbsp;<\/p>\n<p><strong>Champ d\u2019application et mises \u00e0 jour<\/strong><\/p>\n<p>Cette politique s\u2019applique aux services propos\u00e9s par I&amp;P via le site FASA. Elle peut \u00eatre mise \u00e0 jour \u00e0 tout moment. Nous vous invitons \u00e0 la consulter r\u00e9guli\u00e8rement.<\/p>\n<p>&nbsp;<\/p>\n<p>&nbsp;<\/p>\n<p>[\/et_pb_text][et_pb_button button_url=\u00a0\u00bbhttps:\/\/www.fasafund.com\/fr\/mentions-legales\/\u00a0\u00bb button_text=\u00a0\u00bbVoir les mentions l\u00e9gales\u00a0\u00bb _builder_version=\u00a0\u00bb4.27.4&Prime; _module_preset=\u00a0\u00bbdefault\u00a0\u00bb global_colors_info=\u00a0\u00bb{}\u00a0\u00bb][\/et_pb_button][\/et_pb_column][\/et_pb_row][\/et_pb_section]<\/p>\n","protected":false},"excerpt":{"rendered":"<p>Politique de Confidentialit\u00e9 &nbsp; Collecte et utilisation des donn\u00e9es Lors de votre navigation sur https:\/\/www.fasafund.com, nous pouvons collecter des donn\u00e9es techniques telles que votre adresse IP ou votre comportement de navigation, notamment via des cookies. Ces donn\u00e9es sont utilis\u00e9es pour garantir le bon fonctionnement du site et analyser sa fr\u00e9quentation.Le traitement repose sur notre int\u00e9r\u00eat l\u00e9gitime (s\u00e9curit\u00e9, performance) et sur votre consentement (analyse). Quelles donn\u00e9es \u00e0 caract\u00e8re personnel ? Comment avons-nous obtenu ces donn\u00e9es ? Combien de temps ? Avec qui ces donn\u00e9es sont-elles partag\u00e9es ? Donn\u00e9es d\u2019identification, coordonn\u00e9es et donn\u00e9es concernant la question, les informations ou la commande Directement de la (des) personne(s) concern\u00e9e(s) OU indirectement d&rsquo;une ou de plusieurs autre(s) personne(s) 3 ans apr\u00e8s le dernier contact Des sous-traitants qui s\u2019occupent de notre infrastructure ICT si leur intervention le n\u00e9cessite &nbsp; Cookies Les cookies sont de petits fichiers enregistr\u00e9s sur votre appareil pour am\u00e9liorer votre exp\u00e9rience utilisateur. Nous utilisons : des cookies essentiels (indispensables au fonctionnement du site) des cookies fonctionnels (pour m\u00e9moriser vos pr\u00e9f\u00e9rences) des cookies analytiques (avec votre consentement uniquement) Vous pouvez g\u00e9rer vos pr\u00e9f\u00e9rences via les param\u00e8tres de votre navigateur. Le refus de certains cookies peut limiter l\u2019acc\u00e8s \u00e0 certaines fonctionnalit\u00e9s. Les cookies utilis\u00e9s sur [&hellip;]<\/p>\n","protected":false},"author":1,"featured_media":0,"parent":0,"menu_order":1000,"comment_status":"closed","ping_status":"closed","template":"","meta":{"_et_pb_use_builder":"on","_et_pb_old_content":"","_et_gb_content_width":"","inline_featured_image":false,"footnotes":""},"class_list":["post-750","page","type-page","status-publish","hentry"],"yoast_head":"<!-- This site is optimized with the Yoast SEO plugin v27.5 - https:\/\/yoast.com\/product\/yoast-seo-wordpress\/ -->\n<title>Politique de confidentialit\u00e9 | FASA<\/title>\n<meta name=\"description\" content=\"D\u00e9couvrez comment FASA collecte, utilise et prot\u00e8ge vos donn\u00e9es personnelles. Consultez notre politique de cookies et vos droits RGPD.\" \/>\n<meta name=\"robots\" content=\"index, follow, max-snippet:-1, max-image-preview:large, max-video-preview:-1\" \/>\n<link rel=\"canonical\" href=\"https:\/\/www.fasafund.com\/fr\/politique-de-confidentialite\/\" \/>\n<meta property=\"og:locale\" content=\"fr_FR\" \/>\n<meta property=\"og:type\" content=\"article\" \/>\n<meta property=\"og:title\" content=\"Politique de confidentialit\u00e9 | FASA\" \/>\n<meta property=\"og:description\" content=\"D\u00e9couvrez comment FASA collecte, utilise et prot\u00e8ge vos donn\u00e9es personnelles. Consultez notre politique de cookies et vos droits RGPD.\" \/>\n<meta property=\"og:url\" content=\"https:\/\/www.fasafund.com\/fr\/politique-de-confidentialite\/\" \/>\n<meta property=\"og:site_name\" content=\"FASA\" \/>\n<meta property=\"article:modified_time\" content=\"2025-04-29T11:54:52+00:00\" \/>\n<meta name=\"twitter:card\" content=\"summary_large_image\" \/>\n<meta name=\"twitter:label1\" content=\"Dur\u00e9e de lecture estim\u00e9e\" \/>\n\t<meta name=\"twitter:data1\" content=\"3 minutes\" \/>\n<script type=\"application\/ld+json\" class=\"yoast-schema-graph\">{\"@context\":\"https:\\\/\\\/schema.org\",\"@graph\":[{\"@type\":\"WebPage\",\"@id\":\"https:\\\/\\\/www.fasafund.com\\\/fr\\\/politique-de-confidentialite\\\/\",\"url\":\"https:\\\/\\\/www.fasafund.com\\\/fr\\\/politique-de-confidentialite\\\/\",\"name\":\"Politique de confidentialit\u00e9 | FASA\",\"isPartOf\":{\"@id\":\"https:\\\/\\\/www.fasafund.com\\\/fr\\\/#website\"},\"datePublished\":\"2022-04-26T11:33:04+00:00\",\"dateModified\":\"2025-04-29T11:54:52+00:00\",\"description\":\"D\u00e9couvrez comment FASA collecte, utilise et prot\u00e8ge vos donn\u00e9es personnelles. Consultez notre politique de cookies et vos droits RGPD.\",\"breadcrumb\":{\"@id\":\"https:\\\/\\\/www.fasafund.com\\\/fr\\\/politique-de-confidentialite\\\/#breadcrumb\"},\"inLanguage\":\"fr-FR\",\"potentialAction\":[{\"@type\":\"ReadAction\",\"target\":[\"https:\\\/\\\/www.fasafund.com\\\/fr\\\/politique-de-confidentialite\\\/\"]}]},{\"@type\":\"BreadcrumbList\",\"@id\":\"https:\\\/\\\/www.fasafund.com\\\/fr\\\/politique-de-confidentialite\\\/#breadcrumb\",\"itemListElement\":[{\"@type\":\"ListItem\",\"position\":1,\"name\":\"Accueil\",\"item\":\"https:\\\/\\\/www.fasafund.com\\\/fr\\\/\"},{\"@type\":\"ListItem\",\"position\":2,\"name\":\"Politique de confidentialit\u00e9\"}]},{\"@type\":\"WebSite\",\"@id\":\"https:\\\/\\\/www.fasafund.com\\\/fr\\\/#website\",\"url\":\"https:\\\/\\\/www.fasafund.com\\\/fr\\\/\",\"name\":\"FASA\",\"description\":\"\",\"potentialAction\":[{\"@type\":\"SearchAction\",\"target\":{\"@type\":\"EntryPoint\",\"urlTemplate\":\"https:\\\/\\\/www.fasafund.com\\\/fr\\\/?s={search_term_string}\"},\"query-input\":{\"@type\":\"PropertyValueSpecification\",\"valueRequired\":true,\"valueName\":\"search_term_string\"}}],\"inLanguage\":\"fr-FR\"}]}<\/script>\n<!-- \/ Yoast SEO plugin. -->","yoast_head_json":{"title":"Politique de confidentialit\u00e9 | FASA","description":"D\u00e9couvrez comment FASA collecte, utilise et prot\u00e8ge vos donn\u00e9es personnelles. Consultez notre politique de cookies et vos droits RGPD.","robots":{"index":"index","follow":"follow","max-snippet":"max-snippet:-1","max-image-preview":"max-image-preview:large","max-video-preview":"max-video-preview:-1"},"canonical":"https:\/\/www.fasafund.com\/fr\/politique-de-confidentialite\/","og_locale":"fr_FR","og_type":"article","og_title":"Politique de confidentialit\u00e9 | FASA","og_description":"D\u00e9couvrez comment FASA collecte, utilise et prot\u00e8ge vos donn\u00e9es personnelles. Consultez notre politique de cookies et vos droits RGPD.","og_url":"https:\/\/www.fasafund.com\/fr\/politique-de-confidentialite\/","og_site_name":"FASA","article_modified_time":"2025-04-29T11:54:52+00:00","twitter_card":"summary_large_image","twitter_misc":{"Dur\u00e9e de lecture estim\u00e9e":"3 minutes"},"schema":{"@context":"https:\/\/schema.org","@graph":[{"@type":"WebPage","@id":"https:\/\/www.fasafund.com\/fr\/politique-de-confidentialite\/","url":"https:\/\/www.fasafund.com\/fr\/politique-de-confidentialite\/","name":"Politique de confidentialit\u00e9 | FASA","isPartOf":{"@id":"https:\/\/www.fasafund.com\/fr\/#website"},"datePublished":"2022-04-26T11:33:04+00:00","dateModified":"2025-04-29T11:54:52+00:00","description":"D\u00e9couvrez comment FASA collecte, utilise et prot\u00e8ge vos donn\u00e9es personnelles. Consultez notre politique de cookies et vos droits RGPD.","breadcrumb":{"@id":"https:\/\/www.fasafund.com\/fr\/politique-de-confidentialite\/#breadcrumb"},"inLanguage":"fr-FR","potentialAction":[{"@type":"ReadAction","target":["https:\/\/www.fasafund.com\/fr\/politique-de-confidentialite\/"]}]},{"@type":"BreadcrumbList","@id":"https:\/\/www.fasafund.com\/fr\/politique-de-confidentialite\/#breadcrumb","itemListElement":[{"@type":"ListItem","position":1,"name":"Accueil","item":"https:\/\/www.fasafund.com\/fr\/"},{"@type":"ListItem","position":2,"name":"Politique de confidentialit\u00e9"}]},{"@type":"WebSite","@id":"https:\/\/www.fasafund.com\/fr\/#website","url":"https:\/\/www.fasafund.com\/fr\/","name":"FASA","description":"","potentialAction":[{"@type":"SearchAction","target":{"@type":"EntryPoint","urlTemplate":"https:\/\/www.fasafund.com\/fr\/?s={search_term_string}"},"query-input":{"@type":"PropertyValueSpecification","valueRequired":true,"valueName":"search_term_string"}}],"inLanguage":"fr-FR"}]}},"_links":{"self":[{"href":"https:\/\/www.fasafund.com\/fr\/wp-json\/wp\/v2\/pages\/750","targetHints":{"allow":["GET"]}}],"collection":[{"href":"https:\/\/www.fasafund.com\/fr\/wp-json\/wp\/v2\/pages"}],"about":[{"href":"https:\/\/www.fasafund.com\/fr\/wp-json\/wp\/v2\/types\/page"}],"author":[{"embeddable":true,"href":"https:\/\/www.fasafund.com\/fr\/wp-json\/wp\/v2\/users\/1"}],"replies":[{"embeddable":true,"href":"https:\/\/www.fasafund.com\/fr\/wp-json\/wp\/v2\/comments?post=750"}],"version-history":[{"count":6,"href":"https:\/\/www.fasafund.com\/fr\/wp-json\/wp\/v2\/pages\/750\/revisions"}],"predecessor-version":[{"id":2639,"href":"https:\/\/www.fasafund.com\/fr\/wp-json\/wp\/v2\/pages\/750\/revisions\/2639"}],"wp:attachment":[{"href":"https:\/\/www.fasafund.com\/fr\/wp-json\/wp\/v2\/media?parent=750"}],"curies":[{"name":"wp","href":"https:\/\/api.w.org\/{rel}","templated":true}]}}