{"id":2632,"date":"2022-08-19T14:10:33","date_gmt":"2022-08-19T12:10:33","guid":{"rendered":"https:\/\/www.fasafund.com\/legal-information\/"},"modified":"2025-04-29T13:49:36","modified_gmt":"2025-04-29T11:49:36","slug":"mentions-legales","status":"publish","type":"page","link":"https:\/\/www.fasafund.com\/fr\/mentions-legales\/","title":{"rendered":"Mentions L\u00e9gales"},"content":{"rendered":"<p>[et_pb_section fb_built=\u00a0\u00bb1&Prime; custom_padding_last_edited=\u00a0\u00bbon|desktop\u00a0\u00bb _builder_version=\u00a0\u00bb4.27.0&Prime; _module_preset=\u00a0\u00bbdefault\u00a0\u00bb custom_padding=\u00a0\u00bb170px|6vw|120px|6vw|false|true\u00a0\u00bb custom_padding_tablet=\u00a0\u00bb130px||80px||false|true\u00a0\u00bb custom_padding_phone=\u00a0\u00bb130px||80px||false|true\u00a0\u00bb da_disable_devices=\u00a0\u00bboff|off|off\u00a0\u00bb global_colors_info=\u00a0\u00bb{}\u00a0\u00bb da_is_popup=\u00a0\u00bboff\u00a0\u00bb da_exit_intent=\u00a0\u00bboff\u00a0\u00bb da_has_close=\u00a0\u00bbon\u00a0\u00bb da_alt_close=\u00a0\u00bboff\u00a0\u00bb da_dark_close=\u00a0\u00bboff\u00a0\u00bb da_not_modal=\u00a0\u00bbon\u00a0\u00bb da_is_singular=\u00a0\u00bboff\u00a0\u00bb da_with_loader=\u00a0\u00bboff\u00a0\u00bb da_has_shadow=\u00a0\u00bbon\u00a0\u00bb][et_pb_row _builder_version=\u00a0\u00bb4.27.2&Prime; _module_preset=\u00a0\u00bbdefault\u00a0\u00bb max_width=\u00a0\u00bb1200px\u00a0\u00bb module_alignment=\u00a0\u00bbcenter\u00a0\u00bb global_colors_info=\u00a0\u00bb{}\u00a0\u00bb][et_pb_column type=\u00a0\u00bb4_4&Prime; _builder_version=\u00a0\u00bb4.27.0&Prime; _module_preset=\u00a0\u00bbdefault\u00a0\u00bb global_colors_info=\u00a0\u00bb{}\u00a0\u00bb][et_pb_text _builder_version=\u00a0\u00bb4.27.4&Prime; _module_preset=\u00a0\u00bbdefault\u00a0\u00bb global_colors_info=\u00a0\u00bb{}\u00a0\u00bb]<\/p>\n<h1>Mentions L\u00e9gales<\/h1>\n<p>&nbsp;<\/p>\n<p>&nbsp;<\/p>\n<p><strong>\u00c9diteur du site<\/strong><\/p>\n<p>Le site internet <a href=\"https:\/\/www.fasafund.com\/fr\/\">https:\/\/www.fasafund.com<\/a> est \u00e9dit\u00e9 par <strong>Investisseurs &amp; Partenaires (I&amp;P)<\/strong>, agissant en qualit\u00e9 de gestionnaire du fonds FASA.<\/p>\n<p>Si\u00e8ge social\u00a0: 51 rue Saint-Georges, 75009 Paris, France.<\/p>\n<p>&nbsp;<\/p>\n<p><strong>D\u00e9veloppement et h\u00e9bergement du site<\/strong><\/p>\n<p>Le site a \u00e9t\u00e9 d\u00e9velopp\u00e9 et est h\u00e9berg\u00e9 par Poush, Rue de la Croix Limont 11, B-5590 Ciney, Belgique.<\/p>\n<p>&nbsp;<\/p>\n<p><strong>Propri\u00e9t\u00e9 intellectuelle<\/strong><\/p>\n<p>Les contenus, le design et la structure du site sont la propri\u00e9t\u00e9 exclusive d\u2019I&amp;P, sauf mention contraire. Toute reproduction, distribution ou utilisation est interdite sans autorisation \u00e9crite pr\u00e9alable.<\/p>\n<p>&nbsp;<\/p>\n<p><strong>Responsabilit\u00e9<\/strong><\/p>\n<p>I&amp;P s&rsquo;efforce de fournir des informations aussi pr\u00e9cises que possible. Toutefois, il ne pourra \u00eatre tenu responsable des omissions, des inexactitudes ou des carences dans la mise \u00e0 jour.<br \/>L&rsquo;utilisateur est seul responsable de l&rsquo;utilisation qu&rsquo;il fait des informations fournies sur ce site.<\/p>\n<p>&nbsp;<\/p>\n<p><strong>S\u00e9curit\u00e9<\/strong><\/p>\n<p>I&amp;P d\u00e9cline toute responsabilit\u00e9 en cas de dommages caus\u00e9s aux \u00e9quipements de l&rsquo;utilisateur lors de l&rsquo;acc\u00e8s au site, y compris en cas de bugs, d\u2019incompatibilit\u00e9 ou de logiciels malveillants. L&rsquo;utilisateur est responsable de la s\u00e9curisation de son terminal et de la mise \u00e0 jour de son navigateur.<\/p>\n<p>I&amp;P se r\u00e9serve le droit de supprimer, sans pr\u00e9avis, tout contenu publi\u00e9 via les espaces interactifs (formulaire de contact, etc.) qui contreviendrait \u00e0 la l\u00e9gislation fran\u00e7aise, notamment en mati\u00e8re de protection des donn\u00e9es ou de contenu ill\u00e9gal (raciste, diffamatoire, pornographique, etc.). Des poursuites peuvent \u00eatre engag\u00e9es.<\/p>\n<p>&nbsp;<\/p>\n<p><strong>Liens externes<\/strong><\/p>\n<p>Le site peut contenir des liens vers des sites externes autoris\u00e9s par I&amp;P. I&amp;P n\u2019exerce aucun contr\u00f4le sur ces sites et d\u00e9cline toute responsabilit\u00e9 quant aux informations ou contenus qu\u2019ils publient.<\/p>\n<p>&nbsp;<\/p>\n<p>&nbsp;<\/p>\n<p>[\/et_pb_text][et_pb_button button_url=\u00a0\u00bbhttps:\/\/www.fasafund.com\/fr\/politique-de-confidentialite\/\u00a0\u00bb button_text=\u00a0\u00bbVoir la Politique de Confidentialit\u00e9\u00a0\u00bb _builder_version=\u00a0\u00bb4.27.4&Prime; _module_preset=\u00a0\u00bbdefault\u00a0\u00bb global_colors_info=\u00a0\u00bb{}\u00a0\u00bb][\/et_pb_button][\/et_pb_column][\/et_pb_row][\/et_pb_section]<\/p>\n","protected":false},"excerpt":{"rendered":"<p>Mentions L\u00e9gales &nbsp; &nbsp; \u00c9diteur du site Le site internet https:\/\/www.fasafund.com est \u00e9dit\u00e9 par Investisseurs &amp; Partenaires (I&amp;P), agissant en qualit\u00e9 de gestionnaire du fonds FASA. Si\u00e8ge social\u00a0: 51 rue Saint-Georges, 75009 Paris, France. &nbsp; D\u00e9veloppement et h\u00e9bergement du site Le site a \u00e9t\u00e9 d\u00e9velopp\u00e9 et est h\u00e9berg\u00e9 par Poush, Rue de la Croix Limont 11, B-5590 Ciney, Belgique. &nbsp; Propri\u00e9t\u00e9 intellectuelle Les contenus, le design et la structure du site sont la propri\u00e9t\u00e9 exclusive d\u2019I&amp;P, sauf mention contraire. Toute reproduction, distribution ou utilisation est interdite sans autorisation \u00e9crite pr\u00e9alable. &nbsp; Responsabilit\u00e9 I&amp;P s&rsquo;efforce de fournir des informations aussi pr\u00e9cises que possible. Toutefois, il ne pourra \u00eatre tenu responsable des omissions, des inexactitudes ou des carences dans la mise \u00e0 jour.L&rsquo;utilisateur est seul responsable de l&rsquo;utilisation qu&rsquo;il fait des informations fournies sur ce site. &nbsp; S\u00e9curit\u00e9 I&amp;P d\u00e9cline toute responsabilit\u00e9 en cas de dommages caus\u00e9s aux \u00e9quipements de l&rsquo;utilisateur lors de l&rsquo;acc\u00e8s au site, y compris en cas de bugs, d\u2019incompatibilit\u00e9 ou de logiciels malveillants. L&rsquo;utilisateur est responsable de la s\u00e9curisation de son terminal et de la mise \u00e0 jour de son navigateur. I&amp;P se r\u00e9serve le droit de supprimer, sans pr\u00e9avis, tout contenu publi\u00e9 via les espaces interactifs (formulaire [&hellip;]<\/p>\n","protected":false},"author":1,"featured_media":0,"parent":0,"menu_order":1000,"comment_status":"closed","ping_status":"closed","template":"","meta":{"_et_pb_use_builder":"on","_et_pb_old_content":"","_et_gb_content_width":"","inline_featured_image":false,"footnotes":""},"class_list":["post-2632","page","type-page","status-publish","hentry"],"yoast_head":"<!-- This site is optimized with the Yoast SEO plugin v27.3 - https:\/\/yoast.com\/product\/yoast-seo-wordpress\/ -->\n<title>Mentions L\u00e9gales | FASA<\/title>\n<meta name=\"description\" content=\"Consultez les mentions l\u00e9gales du site FASA : \u00e9diteur, droits de propri\u00e9t\u00e9 intellectuelle, responsabilit\u00e9 et liens externes.\" \/>\n<meta name=\"robots\" content=\"index, follow, max-snippet:-1, max-image-preview:large, max-video-preview:-1\" \/>\n<link rel=\"canonical\" href=\"https:\/\/www.fasafund.com\/fr\/mentions-legales\/\" \/>\n<meta property=\"og:locale\" content=\"fr_FR\" \/>\n<meta property=\"og:type\" content=\"article\" \/>\n<meta property=\"og:title\" content=\"Mentions L\u00e9gales | FASA\" \/>\n<meta property=\"og:description\" content=\"Consultez les mentions l\u00e9gales du site FASA : \u00e9diteur, droits de propri\u00e9t\u00e9 intellectuelle, responsabilit\u00e9 et liens externes.\" \/>\n<meta property=\"og:url\" content=\"https:\/\/www.fasafund.com\/fr\/mentions-legales\/\" \/>\n<meta property=\"og:site_name\" content=\"FASA\" \/>\n<meta property=\"article:modified_time\" content=\"2025-04-29T11:49:36+00:00\" \/>\n<meta name=\"twitter:card\" content=\"summary_large_image\" \/>\n<meta name=\"twitter:label1\" content=\"Dur\u00e9e de lecture estim\u00e9e\" \/>\n\t<meta name=\"twitter:data1\" content=\"2 minutes\" \/>\n<script type=\"application\/ld+json\" class=\"yoast-schema-graph\">{\"@context\":\"https:\\\/\\\/schema.org\",\"@graph\":[{\"@type\":\"WebPage\",\"@id\":\"https:\\\/\\\/www.fasafund.com\\\/fr\\\/mentions-legales\\\/\",\"url\":\"https:\\\/\\\/www.fasafund.com\\\/fr\\\/mentions-legales\\\/\",\"name\":\"Mentions L\u00e9gales | FASA\",\"isPartOf\":{\"@id\":\"https:\\\/\\\/www.fasafund.com\\\/fr\\\/#website\"},\"datePublished\":\"2022-08-19T12:10:33+00:00\",\"dateModified\":\"2025-04-29T11:49:36+00:00\",\"description\":\"Consultez les mentions l\u00e9gales du site FASA : \u00e9diteur, droits de propri\u00e9t\u00e9 intellectuelle, responsabilit\u00e9 et liens externes.\",\"breadcrumb\":{\"@id\":\"https:\\\/\\\/www.fasafund.com\\\/fr\\\/mentions-legales\\\/#breadcrumb\"},\"inLanguage\":\"fr-FR\",\"potentialAction\":[{\"@type\":\"ReadAction\",\"target\":[\"https:\\\/\\\/www.fasafund.com\\\/fr\\\/mentions-legales\\\/\"]}]},{\"@type\":\"BreadcrumbList\",\"@id\":\"https:\\\/\\\/www.fasafund.com\\\/fr\\\/mentions-legales\\\/#breadcrumb\",\"itemListElement\":[{\"@type\":\"ListItem\",\"position\":1,\"name\":\"Accueil\",\"item\":\"https:\\\/\\\/www.fasafund.com\\\/fr\\\/\"},{\"@type\":\"ListItem\",\"position\":2,\"name\":\"Mentions L\u00e9gales\"}]},{\"@type\":\"WebSite\",\"@id\":\"https:\\\/\\\/www.fasafund.com\\\/fr\\\/#website\",\"url\":\"https:\\\/\\\/www.fasafund.com\\\/fr\\\/\",\"name\":\"FASA\",\"description\":\"\",\"potentialAction\":[{\"@type\":\"SearchAction\",\"target\":{\"@type\":\"EntryPoint\",\"urlTemplate\":\"https:\\\/\\\/www.fasafund.com\\\/fr\\\/?s={search_term_string}\"},\"query-input\":{\"@type\":\"PropertyValueSpecification\",\"valueRequired\":true,\"valueName\":\"search_term_string\"}}],\"inLanguage\":\"fr-FR\"}]}<\/script>\n<!-- \/ Yoast SEO plugin. -->","yoast_head_json":{"title":"Mentions L\u00e9gales | FASA","description":"Consultez les mentions l\u00e9gales du site FASA : \u00e9diteur, droits de propri\u00e9t\u00e9 intellectuelle, responsabilit\u00e9 et liens externes.","robots":{"index":"index","follow":"follow","max-snippet":"max-snippet:-1","max-image-preview":"max-image-preview:large","max-video-preview":"max-video-preview:-1"},"canonical":"https:\/\/www.fasafund.com\/fr\/mentions-legales\/","og_locale":"fr_FR","og_type":"article","og_title":"Mentions L\u00e9gales | FASA","og_description":"Consultez les mentions l\u00e9gales du site FASA : \u00e9diteur, droits de propri\u00e9t\u00e9 intellectuelle, responsabilit\u00e9 et liens externes.","og_url":"https:\/\/www.fasafund.com\/fr\/mentions-legales\/","og_site_name":"FASA","article_modified_time":"2025-04-29T11:49:36+00:00","twitter_card":"summary_large_image","twitter_misc":{"Dur\u00e9e de lecture estim\u00e9e":"2 minutes"},"schema":{"@context":"https:\/\/schema.org","@graph":[{"@type":"WebPage","@id":"https:\/\/www.fasafund.com\/fr\/mentions-legales\/","url":"https:\/\/www.fasafund.com\/fr\/mentions-legales\/","name":"Mentions L\u00e9gales | FASA","isPartOf":{"@id":"https:\/\/www.fasafund.com\/fr\/#website"},"datePublished":"2022-08-19T12:10:33+00:00","dateModified":"2025-04-29T11:49:36+00:00","description":"Consultez les mentions l\u00e9gales du site FASA : \u00e9diteur, droits de propri\u00e9t\u00e9 intellectuelle, responsabilit\u00e9 et liens externes.","breadcrumb":{"@id":"https:\/\/www.fasafund.com\/fr\/mentions-legales\/#breadcrumb"},"inLanguage":"fr-FR","potentialAction":[{"@type":"ReadAction","target":["https:\/\/www.fasafund.com\/fr\/mentions-legales\/"]}]},{"@type":"BreadcrumbList","@id":"https:\/\/www.fasafund.com\/fr\/mentions-legales\/#breadcrumb","itemListElement":[{"@type":"ListItem","position":1,"name":"Accueil","item":"https:\/\/www.fasafund.com\/fr\/"},{"@type":"ListItem","position":2,"name":"Mentions L\u00e9gales"}]},{"@type":"WebSite","@id":"https:\/\/www.fasafund.com\/fr\/#website","url":"https:\/\/www.fasafund.com\/fr\/","name":"FASA","description":"","potentialAction":[{"@type":"SearchAction","target":{"@type":"EntryPoint","urlTemplate":"https:\/\/www.fasafund.com\/fr\/?s={search_term_string}"},"query-input":{"@type":"PropertyValueSpecification","valueRequired":true,"valueName":"search_term_string"}}],"inLanguage":"fr-FR"}]}},"_links":{"self":[{"href":"https:\/\/www.fasafund.com\/fr\/wp-json\/wp\/v2\/pages\/2632","targetHints":{"allow":["GET"]}}],"collection":[{"href":"https:\/\/www.fasafund.com\/fr\/wp-json\/wp\/v2\/pages"}],"about":[{"href":"https:\/\/www.fasafund.com\/fr\/wp-json\/wp\/v2\/types\/page"}],"author":[{"embeddable":true,"href":"https:\/\/www.fasafund.com\/fr\/wp-json\/wp\/v2\/users\/1"}],"replies":[{"embeddable":true,"href":"https:\/\/www.fasafund.com\/fr\/wp-json\/wp\/v2\/comments?post=2632"}],"version-history":[{"count":3,"href":"https:\/\/www.fasafund.com\/fr\/wp-json\/wp\/v2\/pages\/2632\/revisions"}],"predecessor-version":[{"id":2636,"href":"https:\/\/www.fasafund.com\/fr\/wp-json\/wp\/v2\/pages\/2632\/revisions\/2636"}],"wp:attachment":[{"href":"https:\/\/www.fasafund.com\/fr\/wp-json\/wp\/v2\/media?parent=2632"}],"curies":[{"name":"wp","href":"https:\/\/api.w.org\/{rel}","templated":true}]}}